{"id":8,"date":"2022-08-30T11:24:55","date_gmt":"2022-08-30T11:24:55","guid":{"rendered":"https:\/\/mei-art.pl\/?page_id=8"},"modified":"2025-08-28T14:39:08","modified_gmt":"2025-08-28T14:39:08","slug":"kontakt","status":"publish","type":"page","link":"https:\/\/mei-art.pl\/?page_id=8","title":{"rendered":"Dodatkowe informacje"},"content":{"rendered":"\n<p class=\"has-text-align-center\"><\/p>\n\n\n\n<p class=\"has-text-color has-large-font-size\" style=\"color:#edd5b2;font-style:normal;font-weight:100;text-decoration:none;text-transform:none\"><mark style=\"background-color:rgba(0, 0, 0, 0)\" class=\"has-inline-color has-primary-color\">Je\u017celi chc\u0105 Pa\u0144stwo zapisa\u0107 siebie lub swoje pociechy na wybrane zaj\u0119cia prosimy o wys\u0142anie <strong>SMS&#8217;a lub e-mail&#8217;a<\/strong> z nast\u0119puj\u0105cymi informacjami: <\/mark><\/p>\n\n\n\n<p class=\"has-text-color has-large-font-size\" style=\"color:#edd5b2;font-style:normal;font-weight:100;text-decoration:none;text-transform:none\"><mark style=\"background-color:rgba(0, 0, 0, 0)\" class=\"has-inline-color has-primary-color\"><strong>imi\u0119 i nazwisko, wiek, preferowany dzie\u0144 tygodnia<\/strong> <strong>oraz godzina zaj\u0119\u0107<\/strong><\/mark><\/p>\n\n\n\n<figure class=\"wp-block-table is-style-stripes has-large-font-size\" style=\"font-style:italic;font-weight:800\"><table class=\"has-text-color has-fixed-layout\" style=\"color:#030303\"><tbody><tr><td><\/td><td><\/td><td><\/td><\/tr><tr><td><\/td><td><\/td><td><\/td><\/tr><tr><td><\/td><td><\/td><td><\/td><\/tr><\/tbody><\/table><\/figure>\n\n\n\n<p class=\"has-text-color\" style=\"color:#0a0a0a\">* <mark style=\"background-color:rgba(0, 0, 0, 0)\" class=\"has-inline-color has-primary-color\">M\u00f3wimy w kilku j\u0119zykach &#8211; polski, angielski, rosyjski<\/mark><\/p>\n\n\n\n<p class=\"has-text-color\" style=\"color:#0a0a0a\">* <mark style=\"background-color:rgba(0, 0, 0, 0)\" class=\"has-inline-color has-primary-color\">We speak polish, english, russian<\/mark><\/p>\n\n\n\n<p class=\"has-text-align-center has-text-color has-large-font-size\" style=\"color:#010101;font-style:normal;font-weight:100;text-decoration:none;text-transform:none\"><strong><mark style=\"background-color:rgba(0, 0, 0, 0)\" class=\"has-inline-color has-primary-color\">Dzi\u0119kujemy!<\/mark><\/strong><\/p>\n","protected":false},"excerpt":{"rendered":"<p>Je\u017celi chc\u0105 Pa\u0144stwo zapisa\u0107 siebie lub swoje pociechy na wybrane zaj\u0119cia prosimy o wys\u0142anie SMS&#8217;a lub e-mail&#8217;a z nast\u0119puj\u0105cymi informacjami: imi\u0119 i nazwisko, wiek, preferowany dzie\u0144 tygodnia oraz godzina zaj\u0119\u0107 * M\u00f3wimy w kilku j\u0119zykach &#8211; polski, angielski, rosyjski * We speak polish, english, russian Dzi\u0119kujemy!<\/p>\n","protected":false},"author":1,"featured_media":0,"parent":0,"menu_order":0,"comment_status":"closed","ping_status":"closed","template":"","meta":[],"_links":{"self":[{"href":"https:\/\/mei-art.pl\/index.php?rest_route=\/wp\/v2\/pages\/8"}],"collection":[{"href":"https:\/\/mei-art.pl\/index.php?rest_route=\/wp\/v2\/pages"}],"about":[{"href":"https:\/\/mei-art.pl\/index.php?rest_route=\/wp\/v2\/types\/page"}],"author":[{"embeddable":true,"href":"https:\/\/mei-art.pl\/index.php?rest_route=\/wp\/v2\/users\/1"}],"replies":[{"embeddable":true,"href":"https:\/\/mei-art.pl\/index.php?rest_route=%2Fwp%2Fv2%2Fcomments&post=8"}],"version-history":[{"count":18,"href":"https:\/\/mei-art.pl\/index.php?rest_route=\/wp\/v2\/pages\/8\/revisions"}],"predecessor-version":[{"id":426,"href":"https:\/\/mei-art.pl\/index.php?rest_route=\/wp\/v2\/pages\/8\/revisions\/426"}],"wp:attachment":[{"href":"https:\/\/mei-art.pl\/index.php?rest_route=%2Fwp%2Fv2%2Fmedia&parent=8"}],"curies":[{"name":"wp","href":"https:\/\/api.w.org\/{rel}","templated":true}]}}