{"id":7,"date":"2022-08-30T11:24:55","date_gmt":"2022-08-30T11:24:55","guid":{"rendered":"https:\/\/mei-art.pl\/?page_id=7"},"modified":"2025-08-28T14:27:06","modified_gmt":"2025-08-28T14:27:06","slug":"informacje","status":"publish","type":"page","link":"https:\/\/mei-art.pl\/?page_id=7","title":{"rendered":"Oferta"},"content":{"rendered":"\n<p class=\"has-text-align-center\"><\/p>\n\n\n\n<div style=\"height:0px\" aria-hidden=\"true\" class=\"wp-block-spacer\"><\/div>\n\n\n\n<p class=\"has-text-align-center has-secondary-background-color has-text-color has-background\" style=\"color:#b8fb43;font-size:26px;letter-spacing:0.85px\">Oferujemy solidne i profesjonalne przygotowanie do kontynuacji nauki na etapach dalszych, a tak\u017ce dbamy<br>o dobre samopoczucie oraz rozw\u00f3j osobisty<br>po\u0142\u0105czony z relaksem i zabaw\u0105.<\/p>\n\n\n\n<p class=\"has-text-align-center\">We are offering professional training and support to your further studies at secondary and tertiary institutions. We also care<br>for your well-being and personal development<br>while simply having fun.<\/p>\n\n\n\n<p class=\"has-text-align-center has-secondary-background-color has-text-color has-background\" style=\"color:#b8fb43;font-size:26px;letter-spacing:0.85px\">W pracy wykorzystujemy za\u0142o\u017cenia arteterapii, kt\u00f3rej elementy naturalnie zachodz\u0105 podczas procesu tw\u00f3rczego. <\/p>\n\n\n\n<p class=\"has-text-align-center\">We follow the concepts of art therapy, elements of which naturally appear in the creative process.<\/p>\n\n\n\n<p class=\"has-text-align-center has-secondary-background-color has-text-color has-background\" style=\"color:#b8fb43;font-size:26px;letter-spacing:0.85px\">Wyposa\u017camy Was we wszystkie niezb\u0119dne materia\u0142y i dajemy swobod\u0119 dzia\u0142ania oraz pole do popisu.<\/p>\n\n\n\n<p class=\"has-text-align-center\">We provide you with all the necessary materials and give you plenty of rope and space to show off.<\/p>\n\n\n\n<div style=\"height:63px\" aria-hidden=\"true\" class=\"wp-block-spacer\"><\/div>\n\n\n\n<h2 class=\"wp-block-heading has-text-align-center has-text-color\" style=\"color:#dd4710\">ZAJ\u0118CIA PLASTYCZNE<\/h2>\n\n\n\n<h2 class=\"wp-block-heading has-text-align-center has-text-color has-larger-font-size\" style=\"color:#dd4710\">( grupy max. 8 os\u00f3b)<\/h2>\n\n\n\n<div class=\"wp-block-buttons is-content-justification-left is-layout-flex wp-container-1\">\n<div class=\"wp-block-button has-custom-width wp-block-button__width-100 has-custom-font-size is-style-outline has-normal-font-size\"><a class=\"wp-block-button__link has-text-color has-background wp-element-button\" style=\"border-radius:35px;color:#2b159d;background-color:#acbdc1\">Pojedyncze zaj\u0119cia &#8211; 2 godz. = 100 z\u0142<\/a><\/div>\n\n\n\n<div class=\"wp-block-button has-custom-width wp-block-button__width-100 has-custom-font-size is-style-outline has-normal-font-size\"><a class=\"wp-block-button__link has-text-color has-background wp-element-button\" style=\"border-radius:35px;color:#2b159d;background-color:#acbdc1\">Karnet 4 spotkania po 2 godz. = 360 z\u0142 <\/a><\/div>\n\n\n\n<div class=\"wp-block-button has-custom-width wp-block-button__width-100 has-custom-font-size is-style-outline has-normal-font-size\"><a class=\"wp-block-button__link has-text-color has-background wp-element-button\" style=\"border-radius:35px;color:#2b159d;background-color:#acbdc1\">Pojedyncze zaj\u0119cia &#8211; 1,5 godz. = 90 z\u0142<\/a><\/div>\n\n\n\n<div class=\"wp-block-button has-custom-width wp-block-button__width-100 has-custom-font-size is-style-outline has-normal-font-size\"><a class=\"wp-block-button__link has-text-color has-background wp-element-button\" style=\"border-radius:35px;color:#2b159d;background-color:#acbdc1\">Karnet 4 spotkania po 1,5 godz. = 320 z\u0142<\/a><\/div>\n<\/div>\n\n\n\n<div style=\"height:25px\" aria-hidden=\"true\" class=\"wp-block-spacer\"><\/div>\n\n\n\n<p>*Odpracowanie nieobecno\u015bci jest mo\u017cliwe w ci\u0105gu miesi\u0105ca od opuszczonego zaj\u0119cia. <\/p>\n\n\n\n<p>Nie dotyczy ko\u0144c\u00f3wki czerwca.<\/p>\n\n\n\n<h2 class=\"wp-block-heading has-text-align-center has-text-color\" style=\"color:#dd4710\">INDYWIDUALNE LEKCJE MUZYCZNE<\/h2>\n\n\n\n<h2 class=\"wp-block-heading has-text-align-center has-text-color has-larger-font-size\" style=\"color:#dd4710;font-style:normal;font-weight:400\">(fortepian)<\/h2>\n\n\n\n<div class=\"wp-block-buttons is-content-justification-left is-layout-flex wp-container-2\">\n<div class=\"wp-block-button has-custom-width wp-block-button__width-100 has-custom-font-size is-style-outline has-normal-font-size\"><a class=\"wp-block-button__link has-text-color has-background wp-element-button\" style=\"border-radius:35px;color:#2b159d;background-color:#acbdc1\">Lekcja 30 min. = 70 z\u0142<\/a><\/div>\n\n\n\n<div class=\"wp-block-button has-custom-width wp-block-button__width-100 has-custom-font-size is-style-outline has-normal-font-size\"><a class=\"wp-block-button__link has-text-color has-background wp-element-button\" style=\"border-radius:35px;color:#2b159d;background-color:#acbdc1\">lekcja 40 min. = 90 z\u0142<\/a><\/div>\n\n\n\n<div class=\"wp-block-button has-custom-width wp-block-button__width-100 has-custom-font-size is-style-outline has-normal-font-size\"><a class=\"wp-block-button__link has-text-color has-background wp-element-button\" style=\"border-radius:35px;color:#2b159d;background-color:#acbdc1\">lekcja 50 min. = 100 z\u0142<\/a><\/div>\n\n\n\n<div class=\"wp-block-button has-custom-width wp-block-button__width-100 has-custom-font-size is-style-outline has-normal-font-size\"><a class=\"wp-block-button__link has-text-color has-background wp-element-button\" style=\"border-radius:35px;color:#2b159d;background-color:#acbdc1\">lekcja 60 min. = 120 z\u0142<\/a><\/div>\n<\/div>\n\n\n\n<p>*\u041d\u0430\u0448\u0430 \u043f\u0435\u0434\u0430\u0433\u043e\u0433 \u043f\u0440\u043e\u0432\u043e\u0434\u0438\u0442 \u0437\u0430\u043d\u044f\u0442\u0438\u044f \u043d\u0430 \u0440\u0443\u0441\u0441\u043a\u043e\u043c \u0438 \u043f\u043e\u043b\u044c\u0441\u043a\u043e\u043c \u044f\u0437\u044b\u043a\u0430\u0445. \u0417\u0430\u043d\u044f\u0442\u0438\u044f \u043f\u043e\u0434\u0445\u043e\u0434\u044f\u0442 \u0434\u043b\u044f \u0434\u0435\u0442\u0435\u0439 \u043e\u0442 4-\u0445 \u043b\u0435\u0442, \u043c\u043e\u043b\u043e\u0434\u0435\u0436\u0438 \u0438 \u0432\u0437\u0440\u043e\u0441\u043b\u044b\u0445.<\/p>\n\n\n\n<div style=\"height:41px\" aria-hidden=\"true\" class=\"wp-block-spacer\"><\/div>\n\n\n\n<h2 class=\"wp-block-heading has-text-align-center has-text-color\" style=\"color:#dd4710\">ART CLASSES <\/h2>\n\n\n\n<h2 class=\"wp-block-heading has-text-align-center has-text-color has-larger-font-size\" style=\"color:#dd4710;font-style:normal;font-weight:400\">(with English speaking teacher)<\/h2>\n\n\n\n<div class=\"wp-block-buttons is-content-justification-left is-layout-flex wp-container-3\">\n<div class=\"wp-block-button has-custom-width wp-block-button__width-100 has-custom-font-size is-style-outline has-normal-font-size\"><a class=\"wp-block-button__link has-text-color has-background wp-element-button\" style=\"border-radius:35px;color:#2b159d;background-color:#acbdc1\">2 hrs. = 100 z\u0142<\/a><\/div>\n\n\n\n<div class=\"wp-block-button has-custom-width wp-block-button__width-100 has-custom-font-size is-style-outline has-normal-font-size\"><a class=\"wp-block-button__link has-text-color has-background wp-element-button\" style=\"border-radius:35px;color:#2b159d;background-color:#acbdc1\">4 sessions (2 hrs. each) = 360 z\u0142<\/a><\/div>\n\n\n\n<div class=\"wp-block-button has-custom-width wp-block-button__width-100 has-custom-font-size is-style-outline has-normal-font-size\"><a class=\"wp-block-button__link has-text-color has-background wp-element-button\" style=\"border-radius:35px;color:#2b159d;background-color:#acbdc1\">4 sessions (1,5 hrs  each) = 320 z\u0142<\/a><\/div>\n<\/div>\n\n\n\n<p>*We offer help with translation for Russian \/ English speaking students. <\/p>\n","protected":false},"excerpt":{"rendered":"<p>Oferujemy solidne i profesjonalne przygotowanie do kontynuacji nauki na etapach dalszych, a tak\u017ce dbamyo dobre samopoczucie oraz rozw\u00f3j osobistypo\u0142\u0105czony z relaksem i zabaw\u0105. We are offering professional training and support to your further studies at secondary and tertiary institutions. We also carefor your well-being and personal developmentwhile simply having fun. W pracy wykorzystujemy za\u0142o\u017cenia arteterapii, [&hellip;]<\/p>\n","protected":false},"author":1,"featured_media":0,"parent":0,"menu_order":0,"comment_status":"closed","ping_status":"closed","template":"","meta":[],"_links":{"self":[{"href":"https:\/\/mei-art.pl\/index.php?rest_route=\/wp\/v2\/pages\/7"}],"collection":[{"href":"https:\/\/mei-art.pl\/index.php?rest_route=\/wp\/v2\/pages"}],"about":[{"href":"https:\/\/mei-art.pl\/index.php?rest_route=\/wp\/v2\/types\/page"}],"author":[{"embeddable":true,"href":"https:\/\/mei-art.pl\/index.php?rest_route=\/wp\/v2\/users\/1"}],"replies":[{"embeddable":true,"href":"https:\/\/mei-art.pl\/index.php?rest_route=%2Fwp%2Fv2%2Fcomments&post=7"}],"version-history":[{"count":50,"href":"https:\/\/mei-art.pl\/index.php?rest_route=\/wp\/v2\/pages\/7\/revisions"}],"predecessor-version":[{"id":416,"href":"https:\/\/mei-art.pl\/index.php?rest_route=\/wp\/v2\/pages\/7\/revisions\/416"}],"wp:attachment":[{"href":"https:\/\/mei-art.pl\/index.php?rest_route=%2Fwp%2Fv2%2Fmedia&parent=7"}],"curies":[{"name":"wp","href":"https:\/\/api.w.org\/{rel}","templated":true}]}}