{"id":6,"date":"2022-08-30T11:24:55","date_gmt":"2022-08-30T11:24:55","guid":{"rendered":"https:\/\/mei-art.pl\/?page_id=6"},"modified":"2025-08-28T14:55:48","modified_gmt":"2025-08-28T14:55:48","slug":"nowe-muzeum-sztuki-nowoczesnej-otwarlo-swoje-powoje","status":"publish","type":"page","link":"https:\/\/mei-art.pl\/","title":{"rendered":"Mei-Art"},"content":{"rendered":"\n<p class=\"has-text-align-center\"><strong>Zapisy do nowych grup ju\u017c otwarte!<\/strong><\/p>\n\n\n\n<p class=\"has-text-color\" style=\"color:#0d0d0d\"><mark style=\"background-color:rgba(0, 0, 0, 0)\" class=\"has-inline-color has-primary-color\">Wybierz dzie\u0144 oraz grup\u0119 i zapytaj o dost\u0119pno\u015b\u0107:<\/mark><\/p>\n\n\n\n<figure class=\"wp-block-image size-large\"><img decoding=\"async\" loading=\"lazy\" width=\"1024\" height=\"1024\" src=\"https:\/\/mei-art.pl\/wp-content\/uploads\/2025\/08\/harmonogram-zajec-rok-szkolny-24_25_20250826_114015_0000-1024x1024.png\" alt=\"\" class=\"wp-image-400\" srcset=\"https:\/\/mei-art.pl\/wp-content\/uploads\/2025\/08\/harmonogram-zajec-rok-szkolny-24_25_20250826_114015_0000-1024x1024.png 1024w, https:\/\/mei-art.pl\/wp-content\/uploads\/2025\/08\/harmonogram-zajec-rok-szkolny-24_25_20250826_114015_0000-300x300.png 300w, https:\/\/mei-art.pl\/wp-content\/uploads\/2025\/08\/harmonogram-zajec-rok-szkolny-24_25_20250826_114015_0000-150x150.png 150w, https:\/\/mei-art.pl\/wp-content\/uploads\/2025\/08\/harmonogram-zajec-rok-szkolny-24_25_20250826_114015_0000-768x768.png 768w, https:\/\/mei-art.pl\/wp-content\/uploads\/2025\/08\/harmonogram-zajec-rok-szkolny-24_25_20250826_114015_0000.png 1080w\" sizes=\"(max-width: 1024px) 100vw, 1024px\" \/><\/figure>\n\n\n\n<p class=\"has-text-color\" style=\"color:#0d0d0d\"><mark style=\"background-color:rgba(0, 0, 0, 0)\" class=\"has-inline-color has-primary-color\">*Zastrzegamy sobie prawo do odwo\u0142ania zaj\u0119\u0107 je\u017celi nie uzbiera si\u0119 grupa min. 4 osobowa. <\/mark><\/p>\n\n\n\n<p class=\"has-text-color\" style=\"color:#0d0d0d\"><mark style=\"background-color:rgba(0, 0, 0, 0)\" class=\"has-inline-color has-primary-color\">Wszystkie materia\u0142y s\u0105 wliczone w cen\u0119 \ud83d\ude42<\/mark><\/p>\n\n\n\n<p class=\"has-text-color\" style=\"color:#0d0d0d\"><\/p>\n\n\n\n<p class=\"has-text-align-center has-text-color has-background has-large-font-size\" style=\"color:#f1dbaa;background-color:#6a1515b0\"><strong>WYRA\u0179 SIEBIE<\/strong> !<\/p>\n\n\n\n<div class=\"wp-block-group is-layout-flow\"><div class=\"wp-block-group__inner-container\">\n<p class=\"has-text-align-center has-text-color has-background\" style=\"color:#f1dbaa;background-color:#6a1515b0\"><em>W Pracowni Artystycznej <\/em>MEI &#8211; ART<em> szkicujemy, rysujemy, malujemy, rze\u017abimy &#8211; artystycznie wyra\u017camy siebie <\/em><br><em>w kameralnych, 8-osobowych grupach. <\/em><br><em>Poznajemy nasze umiej\u0119tno\u015bci plastyczne<br> i uczymy si\u0119 je poszerza\u0107.<\/em><\/p>\n\n\n\n<p class=\"has-text-align-center has-text-color has-background\" style=\"color:#f1dbaa;background-color:#d96868d4\"><em>Nasza pracownia artystyczna jest dost\u0119pna dla ch\u0119tnych od si\u00f3dmego roku \u017cycia.<\/em> <\/p>\n\n\n\n<p class=\"has-text-align-center has-subtle-background-color has-text-color has-background\" style=\"background-color:#ffe1e1\"><em>Zaj\u0119cia s\u0105 dedykowane zar\u00f3wno osobom, kt\u00f3re maj\u0105 ju\u017c pewne do\u015bwiadczenie i chc\u0105 kontynuowa\u0107 uprawianie sztuki, jak i tym, kt\u00f3rzy poszukuj\u0105 inspiracji i dopiero planuj\u0105 rozpocz\u0105\u0107 swoj\u0105 tw\u00f3rcz\u0105 przygod\u0119. <\/em><br><em>Tym samym, oferta zaj\u0119\u0107 obejmuje r\u00f3wnie\u017c osoby doros\u0142e, kt\u00f3re odczuwaj\u0105 ch\u0119\u0107 obcowania <\/em><br><em>ze sztuk\u0105 i tworzenia.<\/em><\/p>\n<\/div><\/div>\n\n\n\n<div class=\"wp-block-columns alignwide is-layout-flex wp-container-6\">\n<div class=\"wp-block-column is-layout-flow\">\n<div class=\"wp-block-group is-layout-flow\"><div class=\"wp-block-group__inner-container\">\n<figure class=\"wp-block-image alignfull size-large\"><img decoding=\"async\" loading=\"lazy\" width=\"652\" height=\"1024\" src=\"https:\/\/mei-art.pl\/wp-content\/uploads\/2022\/09\/IMG_20220526_215845_munch-652x1024.jpg\" alt=\"\" class=\"wp-image-53\" srcset=\"https:\/\/mei-art.pl\/wp-content\/uploads\/2022\/09\/IMG_20220526_215845_munch-652x1024.jpg 652w, https:\/\/mei-art.pl\/wp-content\/uploads\/2022\/09\/IMG_20220526_215845_munch-191x300.jpg 191w, https:\/\/mei-art.pl\/wp-content\/uploads\/2022\/09\/IMG_20220526_215845_munch-768x1207.jpg 768w, https:\/\/mei-art.pl\/wp-content\/uploads\/2022\/09\/IMG_20220526_215845_munch-977x1536.jpg 977w, https:\/\/mei-art.pl\/wp-content\/uploads\/2022\/09\/IMG_20220526_215845_munch-1303x2048.jpg 1303w, https:\/\/mei-art.pl\/wp-content\/uploads\/2022\/09\/IMG_20220526_215845_munch-1200x1886.jpg 1200w, https:\/\/mei-art.pl\/wp-content\/uploads\/2022\/09\/IMG_20220526_215845_munch-scaled.jpg 1629w\" sizes=\"(max-width: 652px) 100vw, 652px\" \/><\/figure>\n\n\n\n<h3 class=\"wp-block-heading has-text-align-center\" style=\"font-style:normal;font-weight:500\">Zaj\u0119cia plastyczne  <br>Art classes  <\/h3>\n\n\n\n<h5 class=\"wp-block-heading has-text-align-center has-small-font-size\" style=\"font-style:normal;font-weight:500\">Grupy maksymalnie 8 -osobowe<br>Groups up to 8 students<\/h5>\n<\/div><\/div>\n<\/div>\n\n\n\n<div class=\"wp-block-column is-layout-flow\">\n<div class=\"wp-block-group is-layout-flow\"><div class=\"wp-block-group__inner-container\">\n<figure class=\"wp-block-image alignfull size-full\"><img decoding=\"async\" loading=\"lazy\" width=\"547\" height=\"246\" src=\"https:\/\/mei-art.pl\/wp-content\/uploads\/2022\/09\/Rafal_instagram_5.jpg\" alt=\"\" class=\"wp-image-56\" srcset=\"https:\/\/mei-art.pl\/wp-content\/uploads\/2022\/09\/Rafal_instagram_5.jpg 547w, https:\/\/mei-art.pl\/wp-content\/uploads\/2022\/09\/Rafal_instagram_5-300x135.jpg 300w\" sizes=\"(max-width: 547px) 100vw, 547px\" \/><\/figure>\n\n\n\n<h3 class=\"wp-block-heading has-text-align-center\" style=\"font-style:normal;font-weight:500\">Zaj\u0119cia muzyczne <br><mark style=\"background-color:rgba(0, 0, 0, 0)\" class=\"has-inline-color has-primary-color\">fortepian, gitara <br><\/mark>Music lessons <br><mark style=\"background-color:rgba(0, 0, 0, 0)\" class=\"has-inline-color has-primary-color\">piano, guitar<\/mark><\/h3>\n\n\n\n<h5 class=\"wp-block-heading has-text-align-center has-small-font-size\" style=\"font-style:normal;font-weight:500\">indywidualne &#8211; individual<\/h5>\n\n\n\n<div style=\"height:32px\" aria-hidden=\"true\" class=\"wp-block-spacer\"><\/div>\n<\/div><\/div>\n<\/div>\n<\/div>\n\n\n\n<div style=\"height:35px\" aria-hidden=\"true\" class=\"wp-block-spacer\"><\/div>\n\n\n\n<p class=\"has-luminous-vivid-orange-to-vivid-red-gradient-background has-background\">Zapisy na rok szkolny 2025\/26 trwaj\u0105!<\/p>\n\n\n\n<p><\/p>\n\n\n\n<p><strong>Zaj\u0119cia muzyczne:<\/strong><\/p>\n\n\n\n<p>Pianino &#8211; terminy ustala si\u0119 bezpo\u015brednio z nauczycielem<\/p>\n\n\n\n<div style=\"height:37px\" aria-hidden=\"true\" class=\"wp-block-spacer\"><\/div>\n\n\n\n<div style=\"height:61px\" aria-hidden=\"true\" class=\"wp-block-spacer\"><\/div>\n\n\n\n<hr class=\"wp-block-separator has-alpha-channel-opacity\"\/>\n\n\n\n<div class=\"wp-block-cover\" style=\"min-height:596px\"><span aria-hidden=\"true\" class=\"wp-block-cover__background has-background-dim\"><\/span><img decoding=\"async\" class=\"wp-block-cover__image-background wp-image-37\" alt=\"\" src=\"https:\/\/mei-art.pl\/wp-content\/themes\/twentytwenty\/assets\/images\/2020-landscape-2.png\" data-object-fit=\"cover\"\/><div class=\"wp-block-cover__inner-container\">\n<p class=\"has-text-align-center has-larger-font-size\"><strong>Art classes for english speaking students!<\/strong><\/p>\n\n\n\n<p class=\"has-text-align-center has-primary-color has-text-color has-normal-font-size\">We have English speaking teachers. <\/p>\n\n\n\n<p class=\"has-text-align-center has-normal-font-size\">Painting, sketching, sculpturing, drawing and more. <\/p>\n\n\n\n<p class=\"has-text-align-center has-normal-font-size\">Enroll now! <\/p>\n<\/div><\/div>\n\n\n\n<figure class=\"wp-block-gallery has-nested-images columns-default is-cropped wp-block-gallery-7 is-layout-flex\">\n<figure class=\"wp-block-image size-large\"><img decoding=\"async\" loading=\"lazy\" width=\"768\" height=\"1024\" data-id=\"405\"  src=\"https:\/\/mei-art.pl\/wp-content\/uploads\/2025\/08\/IMG_20250417_192742802-768x1024.jpg\" alt=\"\" class=\"wp-image-405\" srcset=\"https:\/\/mei-art.pl\/wp-content\/uploads\/2025\/08\/IMG_20250417_192742802-768x1024.jpg 768w, https:\/\/mei-art.pl\/wp-content\/uploads\/2025\/08\/IMG_20250417_192742802-225x300.jpg 225w, https:\/\/mei-art.pl\/wp-content\/uploads\/2025\/08\/IMG_20250417_192742802-1152x1536.jpg 1152w, https:\/\/mei-art.pl\/wp-content\/uploads\/2025\/08\/IMG_20250417_192742802-1536x2048.jpg 1536w, https:\/\/mei-art.pl\/wp-content\/uploads\/2025\/08\/IMG_20250417_192742802-1200x1600.jpg 1200w, https:\/\/mei-art.pl\/wp-content\/uploads\/2025\/08\/IMG_20250417_192742802-1980x2640.jpg 1980w, https:\/\/mei-art.pl\/wp-content\/uploads\/2025\/08\/IMG_20250417_192742802-scaled.jpg 1920w\" sizes=\"(max-width: 768px) 100vw, 768px\" \/><\/figure>\n\n\n\n<figure class=\"wp-block-image size-large\"><img decoding=\"async\" loading=\"lazy\" width=\"768\" height=\"1024\" data-id=\"412\"  src=\"https:\/\/mei-art.pl\/wp-content\/uploads\/2025\/08\/IMG_20250414_201532112-768x1024.jpg\" alt=\"\" class=\"wp-image-412\" srcset=\"https:\/\/mei-art.pl\/wp-content\/uploads\/2025\/08\/IMG_20250414_201532112-768x1024.jpg 768w, https:\/\/mei-art.pl\/wp-content\/uploads\/2025\/08\/IMG_20250414_201532112-225x300.jpg 225w, https:\/\/mei-art.pl\/wp-content\/uploads\/2025\/08\/IMG_20250414_201532112-1152x1536.jpg 1152w, https:\/\/mei-art.pl\/wp-content\/uploads\/2025\/08\/IMG_20250414_201532112-1536x2048.jpg 1536w, https:\/\/mei-art.pl\/wp-content\/uploads\/2025\/08\/IMG_20250414_201532112-1200x1600.jpg 1200w, https:\/\/mei-art.pl\/wp-content\/uploads\/2025\/08\/IMG_20250414_201532112-1980x2640.jpg 1980w, https:\/\/mei-art.pl\/wp-content\/uploads\/2025\/08\/IMG_20250414_201532112-scaled.jpg 1920w\" sizes=\"(max-width: 768px) 100vw, 768px\" \/><\/figure>\n\n\n\n<figure class=\"wp-block-image size-large\"><img decoding=\"async\" loading=\"lazy\" width=\"1024\" height=\"768\" data-id=\"407\"  src=\"https:\/\/mei-art.pl\/wp-content\/uploads\/2025\/08\/IMG_20250309_195252991-1024x768.jpg\" alt=\"\" class=\"wp-image-407\" srcset=\"https:\/\/mei-art.pl\/wp-content\/uploads\/2025\/08\/IMG_20250309_195252991-1024x768.jpg 1024w, https:\/\/mei-art.pl\/wp-content\/uploads\/2025\/08\/IMG_20250309_195252991-300x225.jpg 300w, https:\/\/mei-art.pl\/wp-content\/uploads\/2025\/08\/IMG_20250309_195252991-768x576.jpg 768w, https:\/\/mei-art.pl\/wp-content\/uploads\/2025\/08\/IMG_20250309_195252991-1536x1152.jpg 1536w, https:\/\/mei-art.pl\/wp-content\/uploads\/2025\/08\/IMG_20250309_195252991-2048x1536.jpg 2048w, https:\/\/mei-art.pl\/wp-content\/uploads\/2025\/08\/IMG_20250309_195252991-1200x900.jpg 1200w, https:\/\/mei-art.pl\/wp-content\/uploads\/2025\/08\/IMG_20250309_195252991-1980x1485.jpg 1980w\" sizes=\"(max-width: 1024px) 100vw, 1024px\" \/><\/figure>\n\n\n\n<figure class=\"wp-block-image size-large\"><img decoding=\"async\" loading=\"lazy\" width=\"768\" height=\"1024\" data-id=\"410\"  src=\"https:\/\/mei-art.pl\/wp-content\/uploads\/2025\/08\/IMG_20250309_141207066-768x1024.jpg\" alt=\"\" class=\"wp-image-410\" srcset=\"https:\/\/mei-art.pl\/wp-content\/uploads\/2025\/08\/IMG_20250309_141207066-768x1024.jpg 768w, https:\/\/mei-art.pl\/wp-content\/uploads\/2025\/08\/IMG_20250309_141207066-225x300.jpg 225w, https:\/\/mei-art.pl\/wp-content\/uploads\/2025\/08\/IMG_20250309_141207066-1152x1536.jpg 1152w, https:\/\/mei-art.pl\/wp-content\/uploads\/2025\/08\/IMG_20250309_141207066-1536x2048.jpg 1536w, https:\/\/mei-art.pl\/wp-content\/uploads\/2025\/08\/IMG_20250309_141207066-1200x1600.jpg 1200w, https:\/\/mei-art.pl\/wp-content\/uploads\/2025\/08\/IMG_20250309_141207066-1980x2640.jpg 1980w, https:\/\/mei-art.pl\/wp-content\/uploads\/2025\/08\/IMG_20250309_141207066-scaled.jpg 1920w\" sizes=\"(max-width: 768px) 100vw, 768px\" \/><\/figure>\n\n\n\n<figure class=\"wp-block-image size-large\"><img decoding=\"async\" loading=\"lazy\" width=\"1024\" height=\"768\" data-id=\"406\"  src=\"https:\/\/mei-art.pl\/wp-content\/uploads\/2025\/08\/IMG_20250330_154615298_HDR-1024x768.jpg\" alt=\"\" class=\"wp-image-406\" srcset=\"https:\/\/mei-art.pl\/wp-content\/uploads\/2025\/08\/IMG_20250330_154615298_HDR-1024x768.jpg 1024w, https:\/\/mei-art.pl\/wp-content\/uploads\/2025\/08\/IMG_20250330_154615298_HDR-300x225.jpg 300w, https:\/\/mei-art.pl\/wp-content\/uploads\/2025\/08\/IMG_20250330_154615298_HDR-768x576.jpg 768w, https:\/\/mei-art.pl\/wp-content\/uploads\/2025\/08\/IMG_20250330_154615298_HDR-1536x1152.jpg 1536w, https:\/\/mei-art.pl\/wp-content\/uploads\/2025\/08\/IMG_20250330_154615298_HDR-2048x1536.jpg 2048w, https:\/\/mei-art.pl\/wp-content\/uploads\/2025\/08\/IMG_20250330_154615298_HDR-1200x900.jpg 1200w, https:\/\/mei-art.pl\/wp-content\/uploads\/2025\/08\/IMG_20250330_154615298_HDR-1980x1485.jpg 1980w\" sizes=\"(max-width: 1024px) 100vw, 1024px\" \/><\/figure>\n\n\n\n<figure class=\"wp-block-image size-large\"><img decoding=\"async\" loading=\"lazy\" width=\"768\" height=\"1024\" data-id=\"408\"  src=\"https:\/\/mei-art.pl\/wp-content\/uploads\/2025\/08\/IMG_20250309_141149751_HDR-768x1024.jpg\" alt=\"\" class=\"wp-image-408\" srcset=\"https:\/\/mei-art.pl\/wp-content\/uploads\/2025\/08\/IMG_20250309_141149751_HDR-768x1024.jpg 768w, https:\/\/mei-art.pl\/wp-content\/uploads\/2025\/08\/IMG_20250309_141149751_HDR-225x300.jpg 225w, https:\/\/mei-art.pl\/wp-content\/uploads\/2025\/08\/IMG_20250309_141149751_HDR-1152x1536.jpg 1152w, https:\/\/mei-art.pl\/wp-content\/uploads\/2025\/08\/IMG_20250309_141149751_HDR-1536x2048.jpg 1536w, https:\/\/mei-art.pl\/wp-content\/uploads\/2025\/08\/IMG_20250309_141149751_HDR-1200x1600.jpg 1200w, https:\/\/mei-art.pl\/wp-content\/uploads\/2025\/08\/IMG_20250309_141149751_HDR-1980x2640.jpg 1980w, https:\/\/mei-art.pl\/wp-content\/uploads\/2025\/08\/IMG_20250309_141149751_HDR-scaled.jpg 1920w\" sizes=\"(max-width: 768px) 100vw, 768px\" \/><\/figure>\n\n\n\n<figure class=\"wp-block-image size-large\"><img decoding=\"async\" loading=\"lazy\" width=\"768\" height=\"1024\" data-id=\"411\"  src=\"https:\/\/mei-art.pl\/wp-content\/uploads\/2025\/08\/IMG_20250308_132002089_HDR-768x1024.jpg\" alt=\"\" class=\"wp-image-411\" srcset=\"https:\/\/mei-art.pl\/wp-content\/uploads\/2025\/08\/IMG_20250308_132002089_HDR-768x1024.jpg 768w, https:\/\/mei-art.pl\/wp-content\/uploads\/2025\/08\/IMG_20250308_132002089_HDR-225x300.jpg 225w, https:\/\/mei-art.pl\/wp-content\/uploads\/2025\/08\/IMG_20250308_132002089_HDR-1152x1536.jpg 1152w, https:\/\/mei-art.pl\/wp-content\/uploads\/2025\/08\/IMG_20250308_132002089_HDR-1536x2048.jpg 1536w, https:\/\/mei-art.pl\/wp-content\/uploads\/2025\/08\/IMG_20250308_132002089_HDR-1200x1600.jpg 1200w, https:\/\/mei-art.pl\/wp-content\/uploads\/2025\/08\/IMG_20250308_132002089_HDR-1980x2640.jpg 1980w, https:\/\/mei-art.pl\/wp-content\/uploads\/2025\/08\/IMG_20250308_132002089_HDR-scaled.jpg 1920w\" sizes=\"(max-width: 768px) 100vw, 768px\" \/><\/figure>\n\n\n\n<figure class=\"wp-block-image size-large\"><img decoding=\"async\" loading=\"lazy\" width=\"768\" height=\"1024\" data-id=\"409\"  src=\"https:\/\/mei-art.pl\/wp-content\/uploads\/2025\/08\/IMG_20250303_202741829-768x1024.jpg\" alt=\"\" class=\"wp-image-409\" srcset=\"https:\/\/mei-art.pl\/wp-content\/uploads\/2025\/08\/IMG_20250303_202741829-768x1024.jpg 768w, https:\/\/mei-art.pl\/wp-content\/uploads\/2025\/08\/IMG_20250303_202741829-225x300.jpg 225w, https:\/\/mei-art.pl\/wp-content\/uploads\/2025\/08\/IMG_20250303_202741829-1152x1536.jpg 1152w, https:\/\/mei-art.pl\/wp-content\/uploads\/2025\/08\/IMG_20250303_202741829-1536x2048.jpg 1536w, https:\/\/mei-art.pl\/wp-content\/uploads\/2025\/08\/IMG_20250303_202741829-1200x1600.jpg 1200w, https:\/\/mei-art.pl\/wp-content\/uploads\/2025\/08\/IMG_20250303_202741829-1980x2640.jpg 1980w, https:\/\/mei-art.pl\/wp-content\/uploads\/2025\/08\/IMG_20250303_202741829-scaled.jpg 1920w\" sizes=\"(max-width: 768px) 100vw, 768px\" \/><\/figure>\n<\/figure>\n\n\n\n<figure class=\"wp-block-gallery has-nested-images columns-default is-cropped wp-block-gallery-9 is-layout-flex\">\n<figure class=\"wp-block-image size-large\"><img decoding=\"async\" loading=\"lazy\" width=\"1024\" height=\"768\" data-id=\"437\"  src=\"https:\/\/mei-art.pl\/wp-content\/uploads\/2025\/08\/IMG_20250629_171131380-1024x768.jpg\" alt=\"\" class=\"wp-image-437\" srcset=\"https:\/\/mei-art.pl\/wp-content\/uploads\/2025\/08\/IMG_20250629_171131380-1024x768.jpg 1024w, https:\/\/mei-art.pl\/wp-content\/uploads\/2025\/08\/IMG_20250629_171131380-300x225.jpg 300w, https:\/\/mei-art.pl\/wp-content\/uploads\/2025\/08\/IMG_20250629_171131380-768x576.jpg 768w, https:\/\/mei-art.pl\/wp-content\/uploads\/2025\/08\/IMG_20250629_171131380-1536x1152.jpg 1536w, https:\/\/mei-art.pl\/wp-content\/uploads\/2025\/08\/IMG_20250629_171131380-2048x1536.jpg 2048w, https:\/\/mei-art.pl\/wp-content\/uploads\/2025\/08\/IMG_20250629_171131380-1200x900.jpg 1200w, https:\/\/mei-art.pl\/wp-content\/uploads\/2025\/08\/IMG_20250629_171131380-1980x1485.jpg 1980w\" sizes=\"(max-width: 1024px) 100vw, 1024px\" \/><\/figure>\n<\/figure>\n","protected":false},"excerpt":{"rendered":"<p>Zapisy do nowych grup ju\u017c otwarte! Wybierz dzie\u0144 oraz grup\u0119 i zapytaj o dost\u0119pno\u015b\u0107: *Zastrzegamy sobie prawo do odwo\u0142ania zaj\u0119\u0107 je\u017celi nie uzbiera si\u0119 grupa min. 4 osobowa. Wszystkie materia\u0142y s\u0105 wliczone w cen\u0119 \ud83d\ude42 WYRA\u0179 SIEBIE ! W Pracowni Artystycznej MEI &#8211; ART szkicujemy, rysujemy, malujemy, rze\u017abimy &#8211; artystycznie wyra\u017camy siebie w kameralnych, 8-osobowych [&hellip;]<\/p>\n","protected":false},"author":1,"featured_media":0,"parent":0,"menu_order":0,"comment_status":"closed","ping_status":"closed","template":"","meta":[],"_links":{"self":[{"href":"https:\/\/mei-art.pl\/index.php?rest_route=\/wp\/v2\/pages\/6"}],"collection":[{"href":"https:\/\/mei-art.pl\/index.php?rest_route=\/wp\/v2\/pages"}],"about":[{"href":"https:\/\/mei-art.pl\/index.php?rest_route=\/wp\/v2\/types\/page"}],"author":[{"embeddable":true,"href":"https:\/\/mei-art.pl\/index.php?rest_route=\/wp\/v2\/users\/1"}],"replies":[{"embeddable":true,"href":"https:\/\/mei-art.pl\/index.php?rest_route=%2Fwp%2Fv2%2Fcomments&post=6"}],"version-history":[{"count":58,"href":"https:\/\/mei-art.pl\/index.php?rest_route=\/wp\/v2\/pages\/6\/revisions"}],"predecessor-version":[{"id":438,"href":"https:\/\/mei-art.pl\/index.php?rest_route=\/wp\/v2\/pages\/6\/revisions\/438"}],"wp:attachment":[{"href":"https:\/\/mei-art.pl\/index.php?rest_route=%2Fwp%2Fv2%2Fmedia&parent=6"}],"curies":[{"name":"wp","href":"https:\/\/api.w.org\/{rel}","templated":true}]}}