{"id":133,"date":"2022-11-16T11:45:45","date_gmt":"2022-11-16T11:45:45","guid":{"rendered":"https:\/\/mei-art.pl\/?page_id=133"},"modified":"2025-08-28T14:42:53","modified_gmt":"2025-08-28T14:42:53","slug":"nasi-wykladowcy","status":"publish","type":"page","link":"https:\/\/mei-art.pl\/?page_id=133","title":{"rendered":"Nasza kadra"},"content":{"rendered":"\n<div style=\"height:45px\" aria-hidden=\"true\" class=\"wp-block-spacer\"><\/div>\n\n\n\n<p class=\"has-background-background-color has-text-color has-background has-large-font-size\" style=\"color:#b8fb43\"><strong>Marietta Atayan <\/strong><\/p>\n\n\n\n<p class=\"has-text-align-left has-subtle-background-background-color has-text-color has-background\" style=\"color:#daf241\"><strong><mark style=\"background-color:rgba(0, 0, 0, 0);color:#eedbab\" class=\"has-inline-color\">Magister sztuki, arteterapeutka, grafik, malarka. Dyplom magisterski (2017)  na Akademii Pedagogiki Specjalnej w Warszawie. Specjalizacja w zakresie arteterapii i grafiki warsztatowej. Uprawia g\u0142\u00f3wnie malarstwo oraz grafik\u0119 artystyczn\u0105. Jej prace prezentowane by\u0142y na wystawach w Warszawie, \u0141odzi, Europejskim Centrum Artystycznym w Sannikach, a tak\u017ce w Niemczech.  Przez prawie 6 lat prowadzi\u0142a zaj\u0119cia artystyczne w Galerii &#8222;Sznurki&#8221; na warszawskim Mokotowie. Od 2022 roku prowadzi w\u0142asn\u0105 Pracowni\u0119 Artystyczn\u0105 w Ursusie.<\/mark><\/strong><\/p>\n\n\n\n<div style=\"height:45px\" aria-hidden=\"true\" class=\"wp-block-spacer\"><\/div>\n\n\n\n<p class=\"has-background-background-color has-text-color has-background has-large-font-size\" style=\"color:#b8fb43\"><strong>Violetta Atayan<\/strong><\/p>\n\n\n\n<p class=\"has-subtle-background-background-color has-text-color has-background\" style=\"color:#daf241\"><strong><mark style=\"background-color:rgba(0, 0, 0, 0);color:#eedbab\" class=\"has-inline-color\">Magister sztuki, muzykolog, pianistka. Dyplom magisterski na Wydziale historii muzyki i krytyki muzycznej w Pa\u0144stwowym Konserwatorium Muzycznym w Taszkencie. Uko\u0144czy\u0142a te\u017c studia podyplomowe na Uniwersytecie Warszawskim w Instytucie Muzykologii. Specjalizacja w zakresie pedagogiki fortepianowej, literatury muzycznej i solfe\u017cu. Autorka muzyki do wielu piosenek.<\/mark><\/strong> Cz\u0142onkini duetu MOVA.<\/p>\n","protected":false},"excerpt":{"rendered":"<p>Marietta Atayan Magister sztuki, arteterapeutka, grafik, malarka. Dyplom magisterski (2017) na Akademii Pedagogiki Specjalnej w Warszawie. Specjalizacja w zakresie arteterapii i grafiki warsztatowej. Uprawia g\u0142\u00f3wnie malarstwo oraz grafik\u0119 artystyczn\u0105. Jej prace prezentowane by\u0142y na wystawach w Warszawie, \u0141odzi, Europejskim Centrum Artystycznym w Sannikach, a tak\u017ce w Niemczech. Przez prawie 6 lat prowadzi\u0142a zaj\u0119cia artystyczne w [&hellip;]<\/p>\n","protected":false},"author":1,"featured_media":0,"parent":0,"menu_order":0,"comment_status":"closed","ping_status":"closed","template":"","meta":[],"_links":{"self":[{"href":"https:\/\/mei-art.pl\/index.php?rest_route=\/wp\/v2\/pages\/133"}],"collection":[{"href":"https:\/\/mei-art.pl\/index.php?rest_route=\/wp\/v2\/pages"}],"about":[{"href":"https:\/\/mei-art.pl\/index.php?rest_route=\/wp\/v2\/types\/page"}],"author":[{"embeddable":true,"href":"https:\/\/mei-art.pl\/index.php?rest_route=\/wp\/v2\/users\/1"}],"replies":[{"embeddable":true,"href":"https:\/\/mei-art.pl\/index.php?rest_route=%2Fwp%2Fv2%2Fcomments&post=133"}],"version-history":[{"count":10,"href":"https:\/\/mei-art.pl\/index.php?rest_route=\/wp\/v2\/pages\/133\/revisions"}],"predecessor-version":[{"id":428,"href":"https:\/\/mei-art.pl\/index.php?rest_route=\/wp\/v2\/pages\/133\/revisions\/428"}],"wp:attachment":[{"href":"https:\/\/mei-art.pl\/index.php?rest_route=%2Fwp%2Fv2%2Fmedia&parent=133"}],"curies":[{"name":"wp","href":"https:\/\/api.w.org\/{rel}","templated":true}]}}